{"id":252,"date":"2015-06-22T13:45:29","date_gmt":"2015-06-22T13:45:29","guid":{"rendered":"http:\/\/mountainbikemadeira.com\/?page_id=252"},"modified":"2026-03-09T15:54:35","modified_gmt":"2026-03-09T15:54:35","slug":"about","status":"publish","type":"page","link":"https:\/\/mountainbikemadeira.com\/pt\/about\/","title":{"rendered":"Sobre"},"content":{"rendered":"<p>[vc_row row_type=&#8221;row&#8221; use_row_as_full_screen_section=&#8221;no&#8221; type=&#8221;full_width&#8221; oblique_section=&#8221;no&#8221; text_align=&#8221;left&#8221; css_animation=&#8221;&#8221;][vc_column][vc_row_inner row_type=&#8221;row&#8221; type=&#8221;grid&#8221; use_row_as_full_screen_section_slide=&#8221;no&#8221; text_align=&#8221;center&#8221; css_animation=&#8221;&#8221;][vc_column_inner][vc_column_text]<\/p>\n<h6 style=\"text-align: center;\">Bem-vindos ao Para\u00edso<\/h6>\n<p>[\/vc_column_text][vc_separator type=&#8221;transparent&#8221; up=&#8221;7&#8243; down=&#8221;0&#8243; icon_pack=&#8221;font_awesome&#8221; fe_icon=&#8221;arrow_back&#8221; icon_type=&#8221;normal&#8221;][vc_column_text]<\/p>\n<h2 style=\"text-align: center;\">mountain bike madeira meeting<\/h2>\n<p>[\/vc_column_text][vc_separator type=&#8221;small&#8221; position=&#8221;position_center&#8221; color=&#8221;#ffca04&#8243; up=&#8221;25&#8243; down=&#8221;60&#8243; icon_pack=&#8221;font_awesome&#8221; fe_icon=&#8221;arrow_back&#8221; icon_type=&#8221;normal&#8221;][\/vc_column_inner][\/vc_row_inner][\/vc_column][\/vc_row][vc_row row_type=&#8221;row&#8221; use_row_as_full_screen_section=&#8221;no&#8221; type=&#8221;full_width&#8221; oblique_section=&#8221;no&#8221; text_align=&#8221;left&#8221; css_animation=&#8221;&#8221;][vc_column width=&#8221;1\/2&#8243;][vc_column_text]<\/p>\n<div style=\"font-size: 14pt;\">\n<p><strong>Bem-vindo ao para\u00edso do BTT e \u00e0 10\u00aa edi\u00e7\u00e3o do Mountain Bike Madeira Enduro Meeting.<\/strong><\/p>\n<p>&nbsp;<\/p>\n<p>Localizado na costa norte da Ilha da Madeira, o concelho do Porto Moniz ser\u00e1 o ponto de partida para as mais variadas experi\u00eancias que temos para oferecer, desde a cultura, patrim\u00f3nio, gastronomia t\u00edpica, trilhos naturais e desafiantes. Ser\u00e3o seis dias para explorar os melhores trilhos da ilha da Madeira.<\/p>\n<p>&nbsp;<\/p>\n<p>O Mountain Bike Madeira Enduro Meeting 2024 \u00e9 uma oportunidade para conhecer toda a ilha de bicicleta. Cada dia vais sentir-te num local diferente, as caracter\u00edsticas geol\u00f3gicas da ilha fazem desta um local \u00fanico e especial, proporcionando uma grande variedade de trilhos panor\u00e2micos, com vistas de cortar a respira\u00e7\u00e3o, a trilhos em florestas densas e luxuriantes entre a montanha e o mar.<\/p>\n<p>&nbsp;<\/p>\n<p>Durante os passeios ter\u00e3o transporte para as liga\u00e7\u00f5es mais longas entre os trilhos, para que desfrutem ao m\u00e1ximo dos trilhos.<\/p>\n<\/div>\n<p>[\/vc_column_text][\/vc_column][vc_column width=&#8221;1\/2&#8243;][vc_column_text]<\/p>\n<div style=\"font-size: 14pt;\">\n<p>O objectivo principal das \u00faltimas edi\u00e7\u00f5es foi a constru\u00e7\u00e3o do 1\u00ba Centro de MTB da Regi\u00e3o Aut\u00f3noma da Madeira, constru\u00eddo na \u00e1rea mais protegida da ilha, classificada como <strong>Patrim\u00f3nio Mundial pela Unesco em 1995<\/strong> e a <strong>parceria com a Commen\u00e7al Bikes<\/strong>. Um sonho tornado realidade.<\/p>\n<p>&nbsp;<\/p>\n<p>O Fanal \u00e9 um local id\u00edlico com uma floresta singular, este centro \u00e9 composto por seis percursos, um percurso de cross country\/Trail com cerca de nove quil\u00f3metros ideal para um passeio em fam\u00edlia permitindo percorrer o planalto do Fanal com diferentes panor\u00e2micas e beleza natural e com um circuito de enduro com cinco percursos distintos no cora\u00e7\u00e3o da floresta Laurissilva.<\/p>\n<p>&nbsp;<\/p>\n<p>Os percursos est\u00e3o todos sinalizados para que desfrutes ao m\u00e1ximo e com v\u00e1rios pontos de interesse, desde levadas a caminhos reais, \u00e0 fauna e flora especifica da Floresta Laurissilva, v\u00e3o complementar esta tua experi\u00eancia.<\/p>\n<\/div>\n<p>[\/vc_column_text][\/vc_column][\/vc_row][vc_row row_type=&#8221;row&#8221; use_row_as_full_screen_section=&#8221;no&#8221; type=&#8221;full_width&#8221; oblique_section=&#8221;no&#8221; text_align=&#8221;left&#8221; padding_top=&#8221;40&#8243; css_animation=&#8221;&#8221;][vc_column][vc_row_inner row_type=&#8221;row&#8221; type=&#8221;grid&#8221; use_row_as_full_screen_section_slide=&#8221;no&#8221; text_align=&#8221;center&#8221; css_animation=&#8221;&#8221;][vc_column_inner][vc_separator type=&#8221;small&#8221; position=&#8221;position_center&#8221; color=&#8221;#ffca04&#8243; up=&#8221;25&#8243; down=&#8221;60&#8243; icon_pack=&#8221;font_awesome&#8221; fe_icon=&#8221;arrow_back&#8221; icon_type=&#8221;normal&#8221;][\/vc_column_inner][\/vc_row_inner][\/vc_column][\/vc_row][vc_row row_type=&#8221;row&#8221; use_row_as_full_screen_section=&#8221;yes&#8221; type=&#8221;full_width&#8221; oblique_section=&#8221;no&#8221; text_align=&#8221;center&#8221; padding_bottom=&#8221;100&#8243; css_animation=&#8221;&#8221;][vc_column][vc_row_inner row_type=&#8221;row&#8221; type=&#8221;full_width&#8221; use_row_as_full_screen_section_slide=&#8221;yes&#8221; text_align=&#8221;center&#8221; css_animation=&#8221;&#8221;][vc_column_inner][vc_column_text]<div id=\"metaslider-id-11996\" style=\"max-width: 1210px; margin: 0 auto;\" class=\"ml-slider-3-108-0 metaslider metaslider-flex metaslider-11996 ml-slider has-dots-nav ms-theme-default\" role=\"region\" aria-label=\"2023\" data-height=\"600\" data-width=\"1210\">\n    <div id=\"metaslider_container_11996\">\n        <div id=\"metaslider_11996\">\n            <ul class='slides'>\n                <li style=\"display: block; width: 100%;\" class=\"slide-11997 ms-image \" aria-roledescription=\"slide\" data-date=\"2024-02-28 19:39:05\" data-filename=\"MBMM-23-LR-17-1210x600.jpg\" data-slide-type=\"image\"><img loading=\"lazy\" decoding=\"async\" src=\"https:\/\/mountainbikemadeira.com\/wp-content\/uploads\/2024\/02\/MBMM-23-LR-17-1210x600.jpg\" height=\"600\" width=\"1210\" alt=\"\" class=\"slider-11996 slide-11997 msDefaultImage\" title=\"MBMM 23 LR-17\" \/><\/li>\n                <li style=\"display: none; width: 100%;\" class=\"slide-11998 ms-image \" aria-roledescription=\"slide\" data-date=\"2024-02-28 19:39:05\" data-filename=\"MBMM-23-LR-18-1210x600.jpg\" data-slide-type=\"image\"><img loading=\"lazy\" decoding=\"async\" src=\"https:\/\/mountainbikemadeira.com\/wp-content\/uploads\/2024\/02\/MBMM-23-LR-18-1210x600.jpg\" height=\"600\" width=\"1210\" alt=\"\" class=\"slider-11996 slide-11998 msDefaultImage\" title=\"MBMM 23 LR-18\" \/><\/li>\n                <li style=\"display: none; width: 100%;\" class=\"slide-11999 ms-image \" aria-roledescription=\"slide\" data-date=\"2024-02-28 19:39:05\" data-filename=\"MBMM-23-LR-19-1210x600.jpg\" data-slide-type=\"image\"><img loading=\"lazy\" decoding=\"async\" src=\"https:\/\/mountainbikemadeira.com\/wp-content\/uploads\/2024\/02\/MBMM-23-LR-19-1210x600.jpg\" height=\"600\" width=\"1210\" alt=\"\" class=\"slider-11996 slide-11999 msDefaultImage\" title=\"MBMM 23 LR-19\" \/><\/li>\n                <li style=\"display: none; width: 100%;\" class=\"slide-12001 ms-image \" aria-roledescription=\"slide\" data-date=\"2024-02-28 19:39:05\" data-filename=\"MBMM-23-LR-24-1210x600.jpg\" data-slide-type=\"image\"><img loading=\"lazy\" decoding=\"async\" src=\"https:\/\/mountainbikemadeira.com\/wp-content\/uploads\/2024\/02\/MBMM-23-LR-24-1210x600.jpg\" height=\"600\" width=\"1210\" alt=\"\" class=\"slider-11996 slide-12001 msDefaultImage\" title=\"MBMM 23 LR-24\" \/><\/li>\n                <li style=\"display: none; width: 100%;\" class=\"slide-12002 ms-image \" aria-roledescription=\"slide\" data-date=\"2024-02-28 19:39:05\" data-filename=\"MBMM-23-LR-34-1200x595.jpg\" data-slide-type=\"image\"><img loading=\"lazy\" decoding=\"async\" src=\"https:\/\/mountainbikemadeira.com\/wp-content\/uploads\/2024\/02\/MBMM-23-LR-34-1200x595.jpg\" height=\"600\" width=\"1210\" alt=\"\" class=\"slider-11996 slide-12002 msDefaultImage\" title=\"MBMM 23 LR-34\" \/><\/li>\n                <li style=\"display: none; width: 100%;\" class=\"slide-12003 ms-image \" aria-roledescription=\"slide\" data-date=\"2024-02-28 19:39:05\" data-filename=\"MBMM-23-LR-40-1210x600.jpg\" data-slide-type=\"image\"><img loading=\"lazy\" decoding=\"async\" src=\"https:\/\/mountainbikemadeira.com\/wp-content\/uploads\/2024\/02\/MBMM-23-LR-40-1210x600.jpg\" height=\"600\" width=\"1210\" alt=\"\" class=\"slider-11996 slide-12003 msDefaultImage\" title=\"MBMM 23 LR-40\" \/><\/li>\n                <li style=\"display: none; width: 100%;\" class=\"slide-12004 ms-image \" aria-roledescription=\"slide\" data-date=\"2024-02-28 19:39:05\" data-filename=\"MBMM-23-LR-42-1200x595.jpg\" data-slide-type=\"image\"><img loading=\"lazy\" decoding=\"async\" src=\"https:\/\/mountainbikemadeira.com\/wp-content\/uploads\/2024\/02\/MBMM-23-LR-42-1200x595.jpg\" height=\"600\" width=\"1210\" alt=\"\" class=\"slider-11996 slide-12004 msDefaultImage\" title=\"MBMM 23 LR-42\" \/><\/li>\n                <li style=\"display: none; width: 100%;\" class=\"slide-12010 ms-image \" aria-roledescription=\"slide\" data-date=\"2024-02-28 19:39:05\" data-filename=\"MBMM-23-RIDERS-HR-108-1210x600.jpg\" data-slide-type=\"image\"><img loading=\"lazy\" decoding=\"async\" src=\"https:\/\/mountainbikemadeira.com\/wp-content\/uploads\/2024\/02\/MBMM-23-RIDERS-HR-108-1210x600.jpg\" height=\"600\" width=\"1210\" alt=\"\" class=\"slider-11996 slide-12010 msDefaultImage\" title=\"MBMM-23-RIDERS-HR-108\" \/><\/li>\n                <li style=\"display: none; width: 100%;\" class=\"slide-12011 ms-image \" aria-roledescription=\"slide\" data-date=\"2024-02-28 19:39:05\" data-filename=\"MBMM-23-RIDERS-HR-143-1210x600.jpg\" data-slide-type=\"image\"><img loading=\"lazy\" decoding=\"async\" src=\"https:\/\/mountainbikemadeira.com\/wp-content\/uploads\/2024\/02\/MBMM-23-RIDERS-HR-143-1210x600.jpg\" height=\"600\" width=\"1210\" alt=\"\" class=\"slider-11996 slide-12011 msDefaultImage\" title=\"MBMM-23-RIDERS-HR-143\" \/><\/li>\n                <li style=\"display: none; width: 100%;\" class=\"slide-12005 ms-image \" aria-roledescription=\"slide\" data-date=\"2024-02-28 19:39:05\" data-filename=\"MBMM-23-LR-52-1210x600.jpg\" data-slide-type=\"image\"><img loading=\"lazy\" decoding=\"async\" src=\"https:\/\/mountainbikemadeira.com\/wp-content\/uploads\/2024\/02\/MBMM-23-LR-52-1210x600.jpg\" height=\"600\" width=\"1210\" alt=\"\" class=\"slider-11996 slide-12005 msDefaultImage\" title=\"MBMM 23 LR-52\" \/><\/li>\n                <li style=\"display: none; width: 100%;\" class=\"slide-12008 ms-image \" aria-roledescription=\"slide\" data-date=\"2024-02-28 19:39:05\" data-filename=\"MBMM-23-MTBPRO-HR-117-1210x600.jpg\" data-slide-type=\"image\"><img loading=\"lazy\" decoding=\"async\" src=\"https:\/\/mountainbikemadeira.com\/wp-content\/uploads\/2024\/02\/MBMM-23-MTBPRO-HR-117-1210x600.jpg\" height=\"600\" width=\"1210\" alt=\"\" class=\"slider-11996 slide-12008 msDefaultImage\" title=\"MBMM-23-MTBPRO-HR-117\" \/><\/li>\n                <li style=\"display: none; width: 100%;\" class=\"slide-12006 ms-image \" aria-roledescription=\"slide\" data-date=\"2024-02-28 19:39:05\" data-filename=\"MBMM-23-LR-61-1210x600.jpg\" data-slide-type=\"image\"><img loading=\"lazy\" decoding=\"async\" src=\"https:\/\/mountainbikemadeira.com\/wp-content\/uploads\/2024\/02\/MBMM-23-LR-61-1210x600.jpg\" height=\"600\" width=\"1210\" alt=\"\" class=\"slider-11996 slide-12006 msDefaultImage\" title=\"MBMM 23 LR-61\" \/><\/li>\n                <li style=\"display: none; width: 100%;\" class=\"slide-12007 ms-image \" aria-roledescription=\"slide\" data-date=\"2024-02-28 19:39:05\" data-filename=\"MBMM-23-LR-63-1210x600.jpg\" data-slide-type=\"image\"><img loading=\"lazy\" decoding=\"async\" src=\"https:\/\/mountainbikemadeira.com\/wp-content\/uploads\/2024\/02\/MBMM-23-LR-63-1210x600.jpg\" height=\"600\" width=\"1210\" alt=\"\" class=\"slider-11996 slide-12007 msDefaultImage\" title=\"MBMM 23 LR-63\" \/><\/li>\n            <\/ul>\n        <\/div>\n        \n    <\/div>\n<\/div>[\/vc_column_text][\/vc_column_inner][\/vc_row_inner][\/vc_column][\/vc_row]<\/p>\n","protected":false},"excerpt":{"rendered":"<p>[vc_row row_type=&#8221;row&#8221; use_row_as_full_screen_section=&#8221;no&#8221; type=&#8221;full_width&#8221; oblique_section=&#8221;no&#8221; text_align=&#8221;left&#8221; css_animation=&#8221;&#8221;][vc_column][vc_row_inner row_type=&#8221;row&#8221; type=&#8221;grid&#8221; use_row_as_full_screen_section_slide=&#8221;no&#8221; text_align=&#8221;center&#8221; css_animation=&#8221;&#8221;][vc_column_inner][vc_column_text] Bem-vindos ao Para\u00edso [\/vc_column_text][vc_separator type=&#8221;transparent&#8221; up=&#8221;7&#8243; down=&#8221;0&#8243; icon_pack=&#8221;font_awesome&#8221; fe_icon=&#8221;arrow_back&#8221; icon_type=&#8221;normal&#8221;][vc_column_text] mountain bike madeira meeting [\/vc_column_text][vc_separator type=&#8221;small&#8221; position=&#8221;position_center&#8221; color=&#8221;#ffca04&#8243; up=&#8221;25&#8243; down=&#8221;60&#8243; icon_pack=&#8221;font_awesome&#8221; fe_icon=&#8221;arrow_back&#8221; icon_type=&#8221;normal&#8221;][\/vc_column_inner][\/vc_row_inner][\/vc_column][\/vc_row][vc_row row_type=&#8221;row&#8221; use_row_as_full_screen_section=&#8221;no&#8221; type=&#8221;full_width&#8221; oblique_section=&#8221;no&#8221; text_align=&#8221;left&#8221; css_animation=&#8221;&#8221;][vc_column width=&#8221;1\/2&#8243;][vc_column_text] Bem-vindo ao para\u00edso&#8230;<\/p>\n","protected":false},"author":1,"featured_media":10732,"parent":0,"menu_order":0,"comment_status":"closed","ping_status":"closed","template":"","meta":{"footnotes":""},"class_list":["post-252","page","type-page","status-publish","has-post-thumbnail","hentry"],"translation":{"provider":"WPGlobus","version":"3.0.2","language":"pt","enabled_languages":["en","pt"],"languages":{"en":{"title":true,"content":true,"excerpt":false},"pt":{"title":true,"content":true,"excerpt":false}}},"_links":{"self":[{"href":"https:\/\/mountainbikemadeira.com\/pt\/wp-json\/wp\/v2\/pages\/252","targetHints":{"allow":["GET"]}}],"collection":[{"href":"https:\/\/mountainbikemadeira.com\/pt\/wp-json\/wp\/v2\/pages"}],"about":[{"href":"https:\/\/mountainbikemadeira.com\/pt\/wp-json\/wp\/v2\/types\/page"}],"author":[{"embeddable":true,"href":"https:\/\/mountainbikemadeira.com\/pt\/wp-json\/wp\/v2\/users\/1"}],"replies":[{"embeddable":true,"href":"https:\/\/mountainbikemadeira.com\/pt\/wp-json\/wp\/v2\/comments?post=252"}],"version-history":[{"count":116,"href":"https:\/\/mountainbikemadeira.com\/pt\/wp-json\/wp\/v2\/pages\/252\/revisions"}],"predecessor-version":[{"id":12610,"href":"https:\/\/mountainbikemadeira.com\/pt\/wp-json\/wp\/v2\/pages\/252\/revisions\/12610"}],"wp:featuredmedia":[{"embeddable":true,"href":"https:\/\/mountainbikemadeira.com\/pt\/wp-json\/wp\/v2\/media\/10732"}],"wp:attachment":[{"href":"https:\/\/mountainbikemadeira.com\/pt\/wp-json\/wp\/v2\/media?parent=252"}],"curies":[{"name":"wp","href":"https:\/\/api.w.org\/{rel}","templated":true}]}}