{"id":11598,"date":"2022-03-25T11:15:39","date_gmt":"2022-03-25T11:15:39","guid":{"rendered":"https:\/\/mountainbikemadeira.com\/?page_id=11598"},"modified":"2026-03-19T15:08:34","modified_gmt":"2026-03-19T15:08:34","slug":"packs","status":"publish","type":"page","link":"https:\/\/mountainbikemadeira.com\/pt\/packs\/","title":{"rendered":"Packs"},"content":{"rendered":"<p>[vc_row row_type=&#8221;row&#8221; use_row_as_full_screen_section=&#8221;no&#8221; type=&#8221;full_width&#8221; oblique_section=&#8221;no&#8221; text_align=&#8221;left&#8221; css_animation=&#8221;&#8221;][vc_column][vc_column_text]<\/p>\n<h2 style=\"text-align: center;\">Packs dispon\u00edveis para escolha<\/h2>\n<h2 style=\"text-align: center;\">durante a inscri\u00e7\u00e3o<\/h2>\n<p>[\/vc_column_text][vc_separator type=&#8221;normal&#8221; color=&#8221;#000000&#8243;][vc_empty_space image_repeat=&#8221;no-repeat&#8221;]<div class='mkd_message ' style=''><div class='mkd_message_inner'><a href='#' class='close'><i class='mkd_font_elegant_icon icon_close' style=''><\/i><\/a><div class='message_text_holder'><div class='message_text'><div class='message_text_inner'><strong>Data limite para inscri\u00e7\u00f5es<\/strong><\/p>\n<p>Packs Meeting &#8211; <strong>08 de Outubro 2026<\/strong><\/p>\n<p><strong>40 lugares dispon\u00edveis<\/strong><\/div><\/div><\/div><\/div><\/div>[\/vc_column][\/vc_row][vc_row row_type=&#8221;row&#8221; use_row_as_full_screen_section=&#8221;no&#8221; type=&#8221;full_width&#8221; oblique_section=&#8221;no&#8221; text_align=&#8221;left&#8221; css_animation=&#8221;&#8221;][vc_column][vc_empty_space height=&#8221;60px&#8221; image_repeat=&#8221;no-repeat&#8221;][vc_column_text]<\/p>\n<h6 style=\"text-align: center;\">PACK<\/h6>\n<p>[\/vc_column_text][vc_column_text]<\/p>\n<h2 style=\"text-align: center;\">Meeting<\/h2>\n<p>[\/vc_column_text][vc_separator type=&#8221;small&#8221; position=&#8221;center&#8221; color=&#8221;#ffca04&#8243;][vc_column_text]<\/p>\n<h6 style=\"text-align: center;\"><strong>MTB LIFETIME EXPERIENCE<\/strong><\/h6>\n<p>[\/vc_column_text][vc_column_text]<\/p>\n<h3><strong>WHAT\u2019S INCLUDED?<\/strong><\/h3>\n<p>&nbsp;<\/p>\n<ul>\n<li>7 nights Hotel or Airbnb accommodation with breakfast (November 08th to November 15th, 2026)<\/li>\n<li>Airport transfers from Madeira International Airport or Funchal city (08 November and 15 November 2026).<\/li>\n<li>Riding days \u2013 5 Enduro days (with shuttle) &#8211; Four different MTB spots area.<\/li>\n<li>Average covered (+_)35km per day<\/li>\n<li>Nautical activities &#8211; Surf, Canoeing and Stand-Up Paddle<\/li>\n<li>Welcome drink &amp; Dinner (Monday 08th)<\/li>\n<li>Traditional Lunch in Fanal<\/li>\n<li>Visit \u201cVinhas do Tico\u201d or \u201cTerras do Av\u00f4\u201d vineyards, with tasting wine and traditional homemade snacks.<\/li>\n<li>Traditional Party &amp; Dinner (Saturday 14th)<\/li>\n<li>Certified Guide and activity insurance<\/li>\n<li>Event Jersey<\/li>\n<\/ul>\n<p>&nbsp;<\/p>\n<h3><strong>NOT INCLUDED IN THE REGISTRATION FEE<\/strong><\/h3>\n<p>&nbsp;<\/p>\n<ul>\n<li>Extra nights &#8211; Participants who want to stay longer before or after the event, please send an email to check availability and price.<\/li>\n<li>Bike or other equipment.<\/li>\n<li>Flights to come and go back.<\/li>\n<li>Accident &amp; Cancellation Insurance (compulsory).<\/li>\n<li>You should make your own arrangements for this as soon as you book your trip.\u00a0 We advise considering cancellation insurance too, since it\u2019s not impossible to imagine that you might hurt yourself whilst riding at home, and must cancel your holiday with us as a result\u2026it does happen!<\/li>\n<\/ul>\n<p>&nbsp;<\/p>\n<h3><strong>PRICES<\/strong><\/h3>\n<p>&nbsp;<\/p>\n<ul>\n<li>For a double room: 1.150,00 EUROS<\/li>\n<li>For a single room: 1.350,00 EUROS<\/li>\n<\/ul>\n<p><em>For a group of riders to stay in a guest house, please contact us to check options.<\/em><\/p>\n<p>&nbsp;<\/p>\n<h3><strong>OBSERVATIONS<\/strong><\/h3>\n<p>&nbsp;<\/p>\n<ul>\n<li>Mandatory Protection Equipment: Knee, elbow and Full Face helmet, body armor or backpack).<\/li>\n<li>Bike recommendation: travel F\/R between 170mm and 150mm; Tires: ultrasoft rubber.<\/li>\n<li>Travel insurance.<\/li>\n<\/ul>\n<p>[\/vc_column_text][vc_empty_space image_repeat=&#8221;no-repeat&#8221;][vc_separator type=&#8221;normal&#8221; color=&#8221;#eeeeee&#8221;][\/vc_column][\/vc_row]<\/p>\n","protected":false},"excerpt":{"rendered":"<p>[vc_row row_type=&#8221;row&#8221; use_row_as_full_screen_section=&#8221;no&#8221; type=&#8221;full_width&#8221; oblique_section=&#8221;no&#8221; text_align=&#8221;left&#8221; css_animation=&#8221;&#8221;][vc_column][vc_column_text] Packs dispon\u00edveis para escolha durante a inscri\u00e7\u00e3o [\/vc_column_text][vc_separator type=&#8221;normal&#8221; color=&#8221;#000000&#8243;][vc_empty_space image_repeat=&#8221;no-repeat&#8221;][\/vc_column][\/vc_row][vc_row row_type=&#8221;row&#8221; use_row_as_full_screen_section=&#8221;no&#8221; type=&#8221;full_width&#8221; oblique_section=&#8221;no&#8221; text_align=&#8221;left&#8221; css_animation=&#8221;&#8221;][vc_column][vc_empty_space height=&#8221;60px&#8221; image_repeat=&#8221;no-repeat&#8221;][vc_column_text] PACK [\/vc_column_text][vc_column_text] Meeting [\/vc_column_text][vc_separator type=&#8221;small&#8221; position=&#8221;center&#8221; color=&#8221;#ffca04&#8243;][vc_column_text] MTB LIFETIME EXPERIENCE [\/vc_column_text][vc_column_text] WHAT\u2019S INCLUDED? &nbsp; 7 nights Hotel or Airbnb&#8230;<\/p>\n","protected":false},"author":1,"featured_media":0,"parent":0,"menu_order":0,"comment_status":"closed","ping_status":"closed","template":"","meta":{"footnotes":""},"class_list":["post-11598","page","type-page","status-publish","hentry"],"translation":{"provider":"WPGlobus","version":"3.0.2","language":"pt","enabled_languages":["en","pt"],"languages":{"en":{"title":true,"content":true,"excerpt":false},"pt":{"title":false,"content":true,"excerpt":false}}},"_links":{"self":[{"href":"https:\/\/mountainbikemadeira.com\/pt\/wp-json\/wp\/v2\/pages\/11598","targetHints":{"allow":["GET"]}}],"collection":[{"href":"https:\/\/mountainbikemadeira.com\/pt\/wp-json\/wp\/v2\/pages"}],"about":[{"href":"https:\/\/mountainbikemadeira.com\/pt\/wp-json\/wp\/v2\/types\/page"}],"author":[{"embeddable":true,"href":"https:\/\/mountainbikemadeira.com\/pt\/wp-json\/wp\/v2\/users\/1"}],"replies":[{"embeddable":true,"href":"https:\/\/mountainbikemadeira.com\/pt\/wp-json\/wp\/v2\/comments?post=11598"}],"version-history":[{"count":31,"href":"https:\/\/mountainbikemadeira.com\/pt\/wp-json\/wp\/v2\/pages\/11598\/revisions"}],"predecessor-version":[{"id":12898,"href":"https:\/\/mountainbikemadeira.com\/pt\/wp-json\/wp\/v2\/pages\/11598\/revisions\/12898"}],"wp:attachment":[{"href":"https:\/\/mountainbikemadeira.com\/pt\/wp-json\/wp\/v2\/media?parent=11598"}],"curies":[{"name":"wp","href":"https:\/\/api.w.org\/{rel}","templated":true}]}}