{"id":11591,"date":"2024-02-12T15:39:22","date_gmt":"2024-02-12T15:39:22","guid":{"rendered":"https:\/\/mountainbikemadeira.com\/?page_id=11591"},"modified":"2026-03-19T14:36:33","modified_gmt":"2026-03-19T14:36:33","slug":"program","status":"publish","type":"page","link":"https:\/\/mountainbikemadeira.com\/pt\/program\/","title":{"rendered":"Programa 2026"},"content":{"rendered":"<p>[vc_row row_type=&#8221;row&#8221; use_row_as_full_screen_section=&#8221;no&#8221; type=&#8221;full_width&#8221; oblique_section=&#8221;no&#8221; text_align=&#8221;left&#8221; css_animation=&#8221;&#8221;][vc_column][vc_column_text]<\/p>\n<h6 style=\"text-align: center;\">08 &#8211; 15 Novembro<\/h6>\n<p>[\/vc_column_text][vc_column_text]<\/p>\n<h2 style=\"text-align: center;\">Programa<br \/>\nMBMM2026<\/h2>\n<p>[\/vc_column_text][vc_separator type=&#8221;small&#8221; position=&#8221;center&#8221; color=&#8221;#ffca04&#8243;][\/vc_column][\/vc_row][vc_row row_type=&#8221;row&#8221; use_row_as_full_screen_section=&#8221;no&#8221; type=&#8221;full_width&#8221; oblique_section=&#8221;no&#8221; text_align=&#8221;left&#8221; css_animation=&#8221;&#8221;][vc_column width=&#8221;1\/2&#8243;][vc_column_text]<strong>Dia 1 &#8211; 08\/11\/2026 (Domingo)<\/strong><\/p>\n<p>10h00 \u2013 Transferes aeroporto, Alojamento e Rece\u00e7\u00e3o dos participantes.<\/p>\n<p>14h00 \u00e0s 20h00 &#8211; Abertura do secretariado e acredita\u00e7\u00f5es no Clube Naval Seixal;<\/p>\n<p>19h00 \u2013 Briefing com os participantes;<\/p>\n<p>20h00 \u2013 Welcome drink &#8211; Conv\u00edvio Clube Naval do Seixal.[\/vc_column_text][vc_empty_space height=&#8221;30px&#8221; image_repeat=&#8221;no-repeat&#8221;][vc_column_text]<strong>Dia 2 &#8211; 09\/11\/2026 (Segunda-Feira)<\/strong><\/p>\n<p>10h00 \u00e0s 16h30 &#8211; Atividade Mountain Bike (Zona Oeste).<\/p>\n<p>17h30 &#8211; Prova de Vinhos de mesa nas Vinhas do Tico;<\/p>\n<p>20h00 \u2013 Jantar conv\u00edvio;<\/p>\n<p>22h00 \u2013 Encerramento.[\/vc_column_text][vc_empty_space height=&#8221;30px&#8221; image_repeat=&#8221;no-repeat&#8221;][vc_column_text]<strong>Dia 3 &#8211; 10\/11\/2026 (Ter\u00e7a-Feira)<\/strong><\/p>\n<p>10h00 \u00e0s 16h30 &#8211; Atividade Mountain Bike (Zona Sul).<\/p>\n<p>16h30 \u2013 Bike tour pela cidade do Funchal<\/p>\n<p>20h00 \u2013 Jantar convivio.<\/p>\n<p>23h00 \u2013 Encerramento.[\/vc_column_text][vc_empty_space height=&#8221;30px&#8221; image_repeat=&#8221;no-repeat&#8221;][vc_column_text]<strong>Dia 4 &#8211; 11\/11\/2026 (Quarta-Feira)<\/strong><\/p>\n<p>10h00 \u00e0s 13h00 &#8211; Atividade Mountain Bike (Zona Norte);<\/p>\n<p>13h00 \u00e0s 14h00 \u2013 Almo\u00e7o no Fanal<\/p>\n<p>14h00 \u2013 17h00 \u2013 Atividade Mountain Bike (Zona Norte);<\/p>\n<p>20h00 \u2013 Jantar conv\u00edvio;<\/p>\n<p>23h00 \u2013 Encerramento.[\/vc_column_text][vc_empty_space height=&#8221;30px&#8221; image_repeat=&#8221;no-repeat&#8221;][\/vc_column][vc_column width=&#8221;1\/2&#8243;][vc_column_text]<strong>Dia 5 &#8211; 12\/11\/2026 (Quinta-Feira)<\/strong><\/p>\n<p>10h00 \u00e0s 16h00 \u2013 Atividade Mountain Bike (Zona Oeste);<\/p>\n<p>16h00 \u201317h30 \u2013 Visita ao Cais da Ponta do Sol (Sunset)<\/p>\n<p>20h00 \u2013 Recria\u00e7\u00e3o da Festa do Panelo; 23h00 \u2013 Encerramento.[\/vc_column_text][vc_empty_space height=&#8221;30px&#8221; image_repeat=&#8221;no-repeat&#8221;][vc_column_text]<strong>Dia 6 &#8211; 13\/11\/2026 (Sexta-Feira)<\/strong><\/p>\n<p>10h00 \u00e0s 16h00 &#8211; Atividade Mountain Bike (Zona Sul);<\/p>\n<p>17h00 \u2013 Visita ao Engenho do Porto da Cruz<\/p>\n<p>20h00 \u2013 Jantar conv\u00edvio; 00h00 \u2013 Encerramento.[\/vc_column_text][vc_empty_space height=&#8221;30px&#8221; image_repeat=&#8221;no-repeat&#8221;][vc_column_text]<strong>Dia 7 &#8211; 14\/11\/2026 (S\u00e1bado)<\/strong><\/p>\n<p>06h00 \u2013 08h00 \u2013 Nascer do sol na Bica da Cana<\/p>\n<p>9h00 \u00e0s 13h00 \u2013 Atividade Trekking Raba\u00e7al ou Canyoning Ribeira do Lageado<\/p>\n<p>15h00 \u2013 17h00 &#8211; Atividades n\u00e1uticas (Surf, Stand Up Paddle e Canoagem)<\/p>\n<p>20h30 \u2013 Cerim\u00f3nia de encerramento e jantar \u2013 Arraial Madeirense;<\/p>\n<p>02h00 \u2013 Encerramento.[\/vc_column_text][vc_empty_space height=&#8221;30px&#8221; image_repeat=&#8221;no-repeat&#8221;][\/vc_column][\/vc_row][vc_row row_type=&#8221;row&#8221; use_row_as_full_screen_section=&#8221;no&#8221; type=&#8221;full_width&#8221; oblique_section=&#8221;no&#8221; text_align=&#8221;left&#8221; css_animation=&#8221;&#8221;][vc_column][vc_empty_space height=&#8221;120px&#8221; image_repeat=&#8221;no-repeat&#8221;][\/vc_column][\/vc_row]<\/p>\n","protected":false},"excerpt":{"rendered":"<p>[vc_row row_type=&#8221;row&#8221; use_row_as_full_screen_section=&#8221;no&#8221; type=&#8221;full_width&#8221; oblique_section=&#8221;no&#8221; text_align=&#8221;left&#8221; css_animation=&#8221;&#8221;][vc_column][vc_column_text] 08 &#8211; 15 Novembro [\/vc_column_text][vc_column_text] Programa MBMM2026 [\/vc_column_text][vc_separator type=&#8221;small&#8221; position=&#8221;center&#8221; color=&#8221;#ffca04&#8243;][\/vc_column][\/vc_row][vc_row row_type=&#8221;row&#8221; use_row_as_full_screen_section=&#8221;no&#8221; type=&#8221;full_width&#8221; oblique_section=&#8221;no&#8221; text_align=&#8221;left&#8221; css_animation=&#8221;&#8221;][vc_column width=&#8221;1\/2&#8243;][vc_column_text]Dia 1 &#8211; 08\/11\/2026 (Domingo) 10h00 \u2013 Transferes aeroporto, Alojamento e Rece\u00e7\u00e3o dos participantes. 14h00 \u00e0s 20h00 &#8211; Abertura do secretariado&#8230;<\/p>\n","protected":false},"author":1,"featured_media":0,"parent":0,"menu_order":0,"comment_status":"closed","ping_status":"closed","template":"","meta":{"footnotes":""},"class_list":["post-11591","page","type-page","status-publish","hentry"],"translation":{"provider":"WPGlobus","version":"3.0.2","language":"pt","enabled_languages":["en","pt"],"languages":{"en":{"title":true,"content":true,"excerpt":false},"pt":{"title":true,"content":true,"excerpt":false}}},"_links":{"self":[{"href":"https:\/\/mountainbikemadeira.com\/pt\/wp-json\/wp\/v2\/pages\/11591","targetHints":{"allow":["GET"]}}],"collection":[{"href":"https:\/\/mountainbikemadeira.com\/pt\/wp-json\/wp\/v2\/pages"}],"about":[{"href":"https:\/\/mountainbikemadeira.com\/pt\/wp-json\/wp\/v2\/types\/page"}],"author":[{"embeddable":true,"href":"https:\/\/mountainbikemadeira.com\/pt\/wp-json\/wp\/v2\/users\/1"}],"replies":[{"embeddable":true,"href":"https:\/\/mountainbikemadeira.com\/pt\/wp-json\/wp\/v2\/comments?post=11591"}],"version-history":[{"count":35,"href":"https:\/\/mountainbikemadeira.com\/pt\/wp-json\/wp\/v2\/pages\/11591\/revisions"}],"predecessor-version":[{"id":12894,"href":"https:\/\/mountainbikemadeira.com\/pt\/wp-json\/wp\/v2\/pages\/11591\/revisions\/12894"}],"wp:attachment":[{"href":"https:\/\/mountainbikemadeira.com\/pt\/wp-json\/wp\/v2\/media?parent=11591"}],"curies":[{"name":"wp","href":"https:\/\/api.w.org\/{rel}","templated":true}]}}