{"id":10332,"date":"2017-05-12T16:31:59","date_gmt":"2017-05-12T16:31:59","guid":{"rendered":"http:\/\/mountainbikemadeira.com\/?page_id=10332"},"modified":"2017-06-02T16:42:38","modified_gmt":"2017-06-02T16:42:38","slug":"madeira-island","status":"publish","type":"page","link":"https:\/\/mountainbikemadeira.com\/pt\/madeira-island\/","title":{"rendered":"Ilha da Madeira"},"content":{"rendered":"<p>[vc_row row_type=&#8221;row&#8221; use_row_as_full_screen_section=&#8221;no&#8221; type=&#8221;full_width&#8221; oblique_section=&#8221;no&#8221; text_align=&#8221;left&#8221; css_animation=&#8221;&#8221;][vc_column][vc_column_text]<\/p>\n<h2 style=\"text-align: center;\">Ilha da Madeira<\/h2>\n<p>[\/vc_column_text][vc_separator type=&#8221;small&#8221; position=&#8221;center&#8221; color=&#8221;#ffca04&#8243;][vc_row_inner row_type=&#8221;row&#8221; type=&#8221;full_width&#8221; use_row_as_full_screen_section_slide=&#8221;no&#8221; text_align=&#8221;left&#8221; css_animation=&#8221;&#8221;][vc_column_inner width=&#8221;1\/2&#8243;][vc_column_text]<span style=\"font-size: 12pt;\">No meio do Atl\u00e2ntico, as ilhas da Madeira e Porto Santo s\u00e3o um para\u00edso de beleza natural. As cores ex\u00f3ticas das flores destacam-se entre o azul do mar e o verde esmeralda da vegeta\u00e7\u00e3o; Este \u00e9 um arquip\u00e9lago onde dois ter\u00e7os s\u00e3o \u00e1rea protegida e onde est\u00e1 localizada a maior floresta Laurisilva do mundo.<\/span><\/p>\n<p><span style=\"font-size: 12pt;\">A temperatura primaveril, sentida durante todo o ano, clama por atividades ao ar livre. Pode dar um passeio pelas\u00a0levadas, visitar a cidade do Funchal, e descobrir o patrim\u00f3nio associado aos Descobrimentos, ou percorrer livremente a ilha. Passeios de barco s\u00e3o uma excelente maneira de admirar o litoral de uma perspectiva diferente.<\/span>[\/vc_column_text][\/vc_column_inner][vc_column_inner width=&#8221;1\/2&#8243;][vc_column_text]<span style=\"font-size: 12pt;\">Neste ambiente naturalmente acolhedor, equil\u00edbrio e bem-estar s\u00e3o garantidos. A Madeira oferece v\u00e1rios complexos tur\u00edsticos e acessos ao mar com condi\u00e7\u00f5es privilegiadas para mergulho e lazer. A ilha do Porto Santo, em particular, \u00e9 o local ideal para escapar do stress e realizar um programa de talassoterapia, ou umas f\u00e9rias na praia combinadas com golfe.<\/span><\/p>\n<p><span style=\"font-size: 12pt;\">As festas populares, que ocorrem durante todo o ano, s\u00e3o oportunidades para apreciar os sabores gastron\u00f3micos tradicionais e ver a Madeira a festejar, especialmente para os desfiles de carnaval, a Festa da Flor, o Festival do Atl\u00e2ntico e, sobretudo, o fogo de artif\u00edcio do fim do ano.<\/span>[\/vc_column_text][\/vc_column_inner][\/vc_row_inner][vc_empty_space image_repeat=&#8221;no-repeat&#8221;][\/vc_column][\/vc_row][vc_row row_type=&#8221;row&#8221; use_row_as_full_screen_section=&#8221;no&#8221; type=&#8221;full_width&#8221; oblique_section=&#8221;no&#8221; text_align=&#8221;left&#8221; css_animation=&#8221;&#8221;][vc_column][vc_gallery type=&#8221;image_grid&#8221; images=&#8221;650,648,644,647,841,840,839,842&#8243; column_number=&#8221;3&#8243; grayscale=&#8221;no&#8221;][vc_empty_space image_repeat=&#8221;no-repeat&#8221;][\/vc_column][\/vc_row]<\/p>\n","protected":false},"excerpt":{"rendered":"<p>[vc_row row_type=&#8221;row&#8221; use_row_as_full_screen_section=&#8221;no&#8221; type=&#8221;full_width&#8221; oblique_section=&#8221;no&#8221; text_align=&#8221;left&#8221; css_animation=&#8221;&#8221;][vc_column][vc_column_text] Ilha da Madeira [\/vc_column_text][vc_separator type=&#8221;small&#8221; position=&#8221;center&#8221; color=&#8221;#ffca04&#8243;][vc_row_inner row_type=&#8221;row&#8221; type=&#8221;full_width&#8221; use_row_as_full_screen_section_slide=&#8221;no&#8221; text_align=&#8221;left&#8221; css_animation=&#8221;&#8221;][vc_column_inner width=&#8221;1\/2&#8243;][vc_column_text]No meio do Atl\u00e2ntico, as ilhas da Madeira e Porto Santo s\u00e3o um para\u00edso de beleza natural. As cores ex\u00f3ticas das flores destacam-se entre o azul&#8230;<\/p>\n","protected":false},"author":1,"featured_media":0,"parent":0,"menu_order":0,"comment_status":"closed","ping_status":"closed","template":"","meta":{"footnotes":""},"class_list":["post-10332","page","type-page","status-publish","hentry"],"translation":{"provider":"WPGlobus","version":"3.0.2","language":"pt","enabled_languages":["en","pt"],"languages":{"en":{"title":true,"content":true,"excerpt":false},"pt":{"title":true,"content":true,"excerpt":false}}},"_links":{"self":[{"href":"https:\/\/mountainbikemadeira.com\/pt\/wp-json\/wp\/v2\/pages\/10332","targetHints":{"allow":["GET"]}}],"collection":[{"href":"https:\/\/mountainbikemadeira.com\/pt\/wp-json\/wp\/v2\/pages"}],"about":[{"href":"https:\/\/mountainbikemadeira.com\/pt\/wp-json\/wp\/v2\/types\/page"}],"author":[{"embeddable":true,"href":"https:\/\/mountainbikemadeira.com\/pt\/wp-json\/wp\/v2\/users\/1"}],"replies":[{"embeddable":true,"href":"https:\/\/mountainbikemadeira.com\/pt\/wp-json\/wp\/v2\/comments?post=10332"}],"version-history":[{"count":16,"href":"https:\/\/mountainbikemadeira.com\/pt\/wp-json\/wp\/v2\/pages\/10332\/revisions"}],"predecessor-version":[{"id":10618,"href":"https:\/\/mountainbikemadeira.com\/pt\/wp-json\/wp\/v2\/pages\/10332\/revisions\/10618"}],"wp:attachment":[{"href":"https:\/\/mountainbikemadeira.com\/pt\/wp-json\/wp\/v2\/media?parent=10332"}],"curies":[{"name":"wp","href":"https:\/\/api.w.org\/{rel}","templated":true}]}}