{"id":10325,"date":"2017-05-12T16:27:05","date_gmt":"2017-05-12T16:27:05","guid":{"rendered":"http:\/\/mountainbikemadeira.com\/?page_id=10325"},"modified":"2018-05-09T14:31:30","modified_gmt":"2018-05-09T14:31:30","slug":"clube-naval-seixal","status":"publish","type":"page","link":"https:\/\/mountainbikemadeira.com\/pt\/clube-naval-seixal\/","title":{"rendered":"Clube Naval do Seixal"},"content":{"rendered":"<p>[vc_row row_type=&#8221;row&#8221; use_row_as_full_screen_section=&#8221;no&#8221; type=&#8221;full_width&#8221; oblique_section=&#8221;no&#8221; text_align=&#8221;left&#8221; css_animation=&#8221;&#8221;][vc_column][vc_column_text]<\/p>\n<h2 style=\"text-align: center;\">Clube Naval do Seixal<\/h2>\n<p>[\/vc_column_text][vc_separator type=&#8221;small&#8221; position=&#8221;center&#8221; color=&#8221;#ffca04&#8243;][vc_row_inner row_type=&#8221;row&#8221; type=&#8221;full_width&#8221; use_row_as_full_screen_section_slide=&#8221;no&#8221; text_align=&#8221;left&#8221; padding_top=&#8221;20&#8243; css_animation=&#8221;&#8221;][vc_column_inner width=&#8221;1\/2&#8243;][vc_column_text]<span style=\"font-size: 12pt;\">O Clube Naval do Seixal \u00e9 uma institui\u00e7\u00e3o de utilidade p\u00fablica fundada em 1991 localizada na zona norte da Ilha da Madeira e cujo objectivo principal \u00e9 o desenvolvimento a forma\u00e7\u00e3o e o fomento de actividades n\u00e1uticas e de lazer, nomeadamente na vela ligeira, vela de cruzeiro, canoagem e actividades de montanha nomeadamente o canyoning e o BTT.<\/span><\/p>\n<p><span style=\"font-size: 12pt;\">Com um longo historial na pr\u00e1tica desportiva e de organiza\u00e7\u00e3o dos mais variados eventos, tornou-se uma refer\u00eancia a n\u00edvel mundial na pr\u00e1tica da modalidade de canyoning e BTT. Neste momento o clube conta com cerca de 50 atletas filiados nestas actividades, sendo que uma grande parte deles s\u00e3o monitores credenciados o que lhes permite dar forma\u00e7\u00e3o e cursos da modalidade.<\/span>[\/vc_column_text][\/vc_column_inner][vc_column_inner width=&#8221;1\/2&#8243;][vc_column_text]<span style=\"font-size: 12pt;\">Esta institui\u00e7\u00e3o al\u00e9m das actividades n\u00e1uticas desenvolve um papel muito activo na pol\u00edtica de conserva\u00e7\u00e3o ambiental e de integra\u00e7\u00e3o da comunidade local nas actividades de lazer e recreio, proporcionando igualmente aos seus associados um leque variado de outros eventos de cariz social e l\u00fadico.<\/span><\/p>\n<p>Via <a class=\"link\" href=\"http:\/\/clubenavaldoseixal.org\/\" target=\"_blank\" rel=\"noopener noreferrer\">Clube Naval do Seixal<\/a>[\/vc_column_text][\/vc_column_inner][\/vc_row_inner][vc_empty_space image_repeat=&#8221;no-repeat&#8221;][\/vc_column][\/vc_row][vc_row row_type=&#8221;row&#8221; use_row_as_full_screen_section=&#8221;no&#8221; type=&#8221;full_width&#8221; oblique_section=&#8221;no&#8221; text_align=&#8221;left&#8221; css_animation=&#8221;&#8221;][vc_column][vc_gallery type=&#8221;image_grid&#8221; images=&#8221;735,747,746,745,744,743,742,741,740,739,738,737,10732,10729,10737,10722,10587,10733,10705,10739&#8243; column_number=&#8221;3&#8243; grayscale=&#8221;no&#8221;][vc_empty_space image_repeat=&#8221;no-repeat&#8221;][\/vc_column][\/vc_row]<\/p>\n","protected":false},"excerpt":{"rendered":"<p>[vc_row row_type=&#8221;row&#8221; use_row_as_full_screen_section=&#8221;no&#8221; type=&#8221;full_width&#8221; oblique_section=&#8221;no&#8221; text_align=&#8221;left&#8221; css_animation=&#8221;&#8221;][vc_column][vc_column_text] Clube Naval do Seixal [\/vc_column_text][vc_separator type=&#8221;small&#8221; position=&#8221;center&#8221; color=&#8221;#ffca04&#8243;][vc_row_inner row_type=&#8221;row&#8221; type=&#8221;full_width&#8221; use_row_as_full_screen_section_slide=&#8221;no&#8221; text_align=&#8221;left&#8221; padding_top=&#8221;20&#8243; css_animation=&#8221;&#8221;][vc_column_inner width=&#8221;1\/2&#8243;][vc_column_text]O Clube Naval do Seixal \u00e9 uma institui\u00e7\u00e3o de utilidade p\u00fablica fundada em 1991 localizada na zona norte da Ilha da Madeira e cujo&#8230;<\/p>\n","protected":false},"author":1,"featured_media":0,"parent":0,"menu_order":0,"comment_status":"closed","ping_status":"closed","template":"","meta":{"footnotes":""},"class_list":["post-10325","page","type-page","status-publish","hentry"],"translation":{"provider":"WPGlobus","version":"3.0.2","language":"pt","enabled_languages":["en","pt"],"languages":{"en":{"title":true,"content":true,"excerpt":false},"pt":{"title":false,"content":true,"excerpt":false}}},"_links":{"self":[{"href":"https:\/\/mountainbikemadeira.com\/pt\/wp-json\/wp\/v2\/pages\/10325","targetHints":{"allow":["GET"]}}],"collection":[{"href":"https:\/\/mountainbikemadeira.com\/pt\/wp-json\/wp\/v2\/pages"}],"about":[{"href":"https:\/\/mountainbikemadeira.com\/pt\/wp-json\/wp\/v2\/types\/page"}],"author":[{"embeddable":true,"href":"https:\/\/mountainbikemadeira.com\/pt\/wp-json\/wp\/v2\/users\/1"}],"replies":[{"embeddable":true,"href":"https:\/\/mountainbikemadeira.com\/pt\/wp-json\/wp\/v2\/comments?post=10325"}],"version-history":[{"count":12,"href":"https:\/\/mountainbikemadeira.com\/pt\/wp-json\/wp\/v2\/pages\/10325\/revisions"}],"predecessor-version":[{"id":10898,"href":"https:\/\/mountainbikemadeira.com\/pt\/wp-json\/wp\/v2\/pages\/10325\/revisions\/10898"}],"wp:attachment":[{"href":"https:\/\/mountainbikemadeira.com\/pt\/wp-json\/wp\/v2\/media?parent=10325"}],"curies":[{"name":"wp","href":"https:\/\/api.w.org\/{rel}","templated":true}]}}