{"id":10318,"date":"2017-05-12T15:05:29","date_gmt":"2017-05-12T15:05:29","guid":{"rendered":"http:\/\/mountainbikemadeira.com\/?page_id=10318"},"modified":"2026-03-12T13:27:36","modified_gmt":"2026-03-12T13:27:36","slug":"registrations","status":"publish","type":"page","link":"https:\/\/mountainbikemadeira.com\/pt\/registrations\/","title":{"rendered":"Inscri\u00e7\u00f5es"},"content":{"rendered":"<p>[vc_row row_type=&#8221;row&#8221; use_row_as_full_screen_section=&#8221;no&#8221; type=&#8221;full_width&#8221; oblique_section=&#8221;no&#8221; text_align=&#8221;left&#8221; css_animation=&#8221;&#8221; el_class=&#8221;hide-row&#8221;][vc_column]<div class='mkd_message ' style=''><div class='mkd_message_inner'><a href='#' class='close'><i class='mkd_font_elegant_icon icon_close' style=''><\/i><\/a><div class='message_text_holder'><div class='message_text'><div class='message_text_inner'><strong>Inscri\u00e7\u00f5es<\/strong><\/p>\n<p>Data de abertura: <strong>Maio 2025<\/strong><\/p>\n<p><del><strong>40 lugares dispon\u00edveis <\/strong><\/del><\/p>\n<p><strong>10 <\/strong><strong>lugares dispon\u00edveis<\/strong><\/div><\/div><\/div><\/div><\/div>[\/vc_column][\/vc_row][vc_row row_type=&#8221;row&#8221; use_row_as_full_screen_section=&#8221;no&#8221; type=&#8221;full_width&#8221; oblique_section=&#8221;no&#8221; text_align=&#8221;left&#8221; css_animation=&#8221;&#8221;][vc_column]<div class='mkd_message ' style=''><div class='mkd_message_inner'><a href='#' class='close'><i class='mkd_font_elegant_icon icon_close' style=''><\/i><\/a><div class='message_text_holder'><div class='message_text'><div class='message_text_inner'><strong>Inscri\u00e7\u00f5es<\/strong><\/p>\n<p>Data limite de inscri\u00e7\u00e3o: <strong>08 de Outubro, 2026<\/strong><\/p>\n<p><strong>40 lugares dispon\u00edveis <\/strong><\/p>\n<p>Depois da inscri\u00e7\u00e3o ir\u00e1 receber um email com a informa\u00e7\u00e3o para pagamento, juntamente com os nossos termos e condi\u00e7\u00f5es.<\/div><\/div><\/div><\/div><\/div>[\/vc_column][\/vc_row][vc_row row_type=&#8221;row&#8221; use_row_as_full_screen_section=&#8221;no&#8221; type=&#8221;full_width&#8221; oblique_section=&#8221;no&#8221; text_align=&#8221;left&#8221; css_animation=&#8221;&#8221;][vc_column][vc_column_text]<\/p>\n<p>[\/vc_column_text][\/vc_column][\/vc_row][vc_row row_type=&#8221;row&#8221; use_row_as_full_screen_section=&#8221;no&#8221; type=&#8221;full_width&#8221; oblique_section=&#8221;no&#8221; text_align=&#8221;left&#8221; css_animation=&#8221;&#8221;][vc_column][vc_empty_space image_repeat=&#8221;no-repeat&#8221;][vc_single_image image=&#8221;11622&#8243; img_size=&#8221;480&#215;66&#8243; alignment=&#8221;center&#8221; mkd_css_animation=&#8221;&#8221;][vc_empty_space image_repeat=&#8221;no-repeat&#8221;][vc_column_text]<iframe loading=\"lazy\" style=\"background-color: none!important; margin: auto!important;\" src=\"https:\/\/docs.google.com\/forms\/d\/e\/1FAIpQLScLmHR6alFydSqXNJr6sO4_eJ-tIoWB2YaR6_uhPgg38q_83Q\/viewform?embedded=true?hl=en\" width=\"100%\" height=\"1100\" frameborder=\"0\" marginwidth=\"0\" marginheight=\"0\">Loading&#8230;<\/iframe>[\/vc_column_text][\/vc_column][\/vc_row][vc_row row_type=&#8221;row&#8221; use_row_as_full_screen_section=&#8221;no&#8221; type=&#8221;full_width&#8221; oblique_section=&#8221;no&#8221; text_align=&#8221;left&#8221; css_animation=&#8221;&#8221; el_class=&#8221;hide-row&#8221;][vc_column width=&#8221;1\/4&#8243;][\/vc_column][vc_column width=&#8221;1\/2&#8243;][vc_column_text]<\/p>\n<p style=\"text-align: center;\"><strong>Brevemente<\/strong><\/p>\n<p>[\/vc_column_text][vc_empty_space height=&#8221;40px&#8221; image_repeat=&#8221;no-repeat&#8221;][\/vc_column][vc_column width=&#8221;1\/4&#8243;][\/vc_column][\/vc_row][vc_row row_type=&#8221;row&#8221; use_row_as_full_screen_section=&#8221;no&#8221; type=&#8221;full_width&#8221; oblique_section=&#8221;no&#8221; text_align=&#8221;left&#8221; css_animation=&#8221;&#8221;][vc_column][vc_empty_space height=&#8221;40px&#8221; image_repeat=&#8221;no-repeat&#8221;][vc_separator type=&#8221;normal&#8221;][\/vc_column][\/vc_row][vc_row row_type=&#8221;row&#8221; use_row_as_full_screen_section=&#8221;no&#8221; type=&#8221;full_width&#8221; oblique_section=&#8221;no&#8221; text_align=&#8221;left&#8221; css_animation=&#8221;&#8221; el_class=&#8221;hide-row&#8221;][vc_column width=&#8221;1\/4&#8243;][\/vc_column][vc_column width=&#8221;1\/2&#8243;][vc_column_text]<\/p>\n<p style=\"text-align: center;\"><strong>Documentos Oficiais<\/strong><\/p>\n<p>[\/vc_column_text][vc_empty_space height=&#8221;40px&#8221; image_repeat=&#8221;no-repeat&#8221;][\/vc_column][vc_column width=&#8221;1\/4&#8243;][\/vc_column][\/vc_row][vc_row row_type=&#8221;row&#8221; use_row_as_full_screen_section=&#8221;no&#8221; type=&#8221;full_width&#8221; oblique_section=&#8221;no&#8221; text_align=&#8221;left&#8221; css_animation=&#8221;&#8221; el_class=&#8221;hide-row&#8221;][vc_column width=&#8221;1\/2&#8243;][vc_column_text]<\/p>\n<p style=\"text-align: center;\">Por favor fa\u00e7a download\u00a0e preencha.<\/p>\n<p>[\/vc_column_text]<a href=\"https:\/\/mountainbikemadeira.com\/download\/mbmm-declaracao-responsabilidade.pdf\" target=\"_blank\"  class=\"qbutton  big_large_full_width qbutton_with_icon icon_right\" style=\"border-radius: 10px;-moz-border-radius: 10px;-webkit-border-radius: 10px; \">Declara\u00e7\u00e3o de Responsabilidade<i class=\"button_icon fa fa-file-pdf-o\" style=\"\"><\/i><\/a>[\/vc_column][vc_column width=&#8221;1\/2&#8243;][vc_column_text]<\/p>\n<p style=\"text-align: center;\">Regulamento Oficial<\/p>\n<p>[\/vc_column_text]<a href=\"https:\/\/mountainbikemadeira.com\/download\/PT-Regulamento-MBMM21.pdf\" target=\"_blank\"  class=\"qbutton  big_large_full_width qbutton_with_icon icon_right\" style=\"border-radius: 10px;-moz-border-radius: 10px;-webkit-border-radius: 10px; \">Regulamento<i class=\"button_icon fa fa-file-pdf-o\" style=\"\"><\/i><\/a>[\/vc_column][\/vc_row][vc_row row_type=&#8221;row&#8221; use_row_as_full_screen_section=&#8221;no&#8221; type=&#8221;full_width&#8221; oblique_section=&#8221;no&#8221; text_align=&#8221;left&#8221; css_animation=&#8221;&#8221;][vc_column][vc_separator type=&#8221;normal&#8221;][vc_empty_space height=&#8221;40px&#8221; image_repeat=&#8221;no-repeat&#8221;][\/vc_column][\/vc_row]<\/p>\n","protected":false},"excerpt":{"rendered":"<p>[vc_row row_type=&#8221;row&#8221; use_row_as_full_screen_section=&#8221;no&#8221; type=&#8221;full_width&#8221; oblique_section=&#8221;no&#8221; text_align=&#8221;left&#8221; css_animation=&#8221;&#8221; el_class=&#8221;hide-row&#8221;][vc_column][\/vc_column][\/vc_row][vc_row row_type=&#8221;row&#8221; use_row_as_full_screen_section=&#8221;no&#8221; type=&#8221;full_width&#8221; oblique_section=&#8221;no&#8221; text_align=&#8221;left&#8221; css_animation=&#8221;&#8221;][vc_column][\/vc_column][\/vc_row][vc_row row_type=&#8221;row&#8221; use_row_as_full_screen_section=&#8221;no&#8221; type=&#8221;full_width&#8221; oblique_section=&#8221;no&#8221; text_align=&#8221;left&#8221; css_animation=&#8221;&#8221;][vc_column][vc_column_text] [\/vc_column_text][\/vc_column][\/vc_row][vc_row row_type=&#8221;row&#8221; use_row_as_full_screen_section=&#8221;no&#8221; type=&#8221;full_width&#8221; oblique_section=&#8221;no&#8221; text_align=&#8221;left&#8221; css_animation=&#8221;&#8221;][vc_column][vc_empty_space image_repeat=&#8221;no-repeat&#8221;][vc_single_image image=&#8221;11622&#8243; img_size=&#8221;480&#215;66&#8243; alignment=&#8221;center&#8221; mkd_css_animation=&#8221;&#8221;][vc_empty_space image_repeat=&#8221;no-repeat&#8221;][vc_column_text]Loading&#8230;[\/vc_column_text][\/vc_column][\/vc_row][vc_row row_type=&#8221;row&#8221; use_row_as_full_screen_section=&#8221;no&#8221; type=&#8221;full_width&#8221; oblique_section=&#8221;no&#8221; text_align=&#8221;left&#8221; css_animation=&#8221;&#8221; el_class=&#8221;hide-row&#8221;][vc_column width=&#8221;1\/4&#8243;][\/vc_column][vc_column width=&#8221;1\/2&#8243;][vc_column_text] Brevemente [\/vc_column_text][vc_empty_space height=&#8221;40px&#8221;&#8230;<\/p>\n","protected":false},"author":1,"featured_media":0,"parent":0,"menu_order":0,"comment_status":"closed","ping_status":"closed","template":"","meta":{"footnotes":""},"class_list":["post-10318","page","type-page","status-publish","hentry"],"translation":{"provider":"WPGlobus","version":"3.0.2","language":"pt","enabled_languages":["en","pt"],"languages":{"en":{"title":true,"content":true,"excerpt":false},"pt":{"title":true,"content":true,"excerpt":false}}},"_links":{"self":[{"href":"https:\/\/mountainbikemadeira.com\/pt\/wp-json\/wp\/v2\/pages\/10318","targetHints":{"allow":["GET"]}}],"collection":[{"href":"https:\/\/mountainbikemadeira.com\/pt\/wp-json\/wp\/v2\/pages"}],"about":[{"href":"https:\/\/mountainbikemadeira.com\/pt\/wp-json\/wp\/v2\/types\/page"}],"author":[{"embeddable":true,"href":"https:\/\/mountainbikemadeira.com\/pt\/wp-json\/wp\/v2\/users\/1"}],"replies":[{"embeddable":true,"href":"https:\/\/mountainbikemadeira.com\/pt\/wp-json\/wp\/v2\/comments?post=10318"}],"version-history":[{"count":75,"href":"https:\/\/mountainbikemadeira.com\/pt\/wp-json\/wp\/v2\/pages\/10318\/revisions"}],"predecessor-version":[{"id":12634,"href":"https:\/\/mountainbikemadeira.com\/pt\/wp-json\/wp\/v2\/pages\/10318\/revisions\/12634"}],"wp:attachment":[{"href":"https:\/\/mountainbikemadeira.com\/pt\/wp-json\/wp\/v2\/media?parent=10318"}],"curies":[{"name":"wp","href":"https:\/\/api.w.org\/{rel}","templated":true}]}}